{"id":40,"date":"2020-08-11T06:01:16","date_gmt":"2020-08-11T06:01:16","guid":{"rendered":"http:\/\/dinerfood.ee\/?page_id=40"},"modified":"2020-09-23T09:21:34","modified_gmt":"2020-09-23T09:21:34","slug":"about","status":"publish","type":"page","link":"https:\/\/dinerfood.ee\/et\/about\/","title":{"rendered":"Meist"},"content":{"rendered":"<div data-elementor-type=\"wp-page\" data-elementor-id=\"40\" class=\"elementor elementor-40\">\n\t\t\t\t\t\t<section class=\"elementor-section elementor-top-section elementor-element elementor-element-df0a462 elementor-section-content-middle elementor-section-boxed elementor-section-height-default elementor-section-height-default\" data-id=\"df0a462\" data-element_type=\"section\" data-settings=\"{&quot;background_background&quot;:&quot;classic&quot;}\">\n\t\t\t\t\t\t<div class=\"elementor-container elementor-column-gap-no\">\n\t\t\t\t\t<div class=\"elementor-column elementor-col-50 elementor-top-column elementor-element elementor-element-ac5512c\" data-id=\"ac5512c\" data-element_type=\"column\">\n\t\t\t<div class=\"elementor-widget-wrap elementor-element-populated\">\n\t\t\t\t\t\t<div class=\"elementor-element elementor-element-9c41f71 elementor-widget elementor-widget-theme-site-logo elementor-widget-image\" data-id=\"9c41f71\" data-element_type=\"widget\" data-settings=\"{&quot;motion_fx_motion_fx_scrolling&quot;:&quot;yes&quot;,&quot;sticky&quot;:&quot;top&quot;,&quot;motion_fx_devices&quot;:[&quot;desktop&quot;,&quot;tablet&quot;,&quot;mobile&quot;],&quot;sticky_on&quot;:[&quot;desktop&quot;,&quot;tablet&quot;,&quot;mobile&quot;],&quot;sticky_offset&quot;:0,&quot;sticky_effects_offset&quot;:0}\" data-widget_type=\"theme-site-logo.default\">\n\t\t\t\t<div class=\"elementor-widget-container\">\n\t\t\t\t\t\t\t\t<div class=\"elementor-image\">\n\t\t\t\t\t\t\t\t<a href=\"https:\/\/dinerfood.ee\/et\">\n\t\t\t<img fetchpriority=\"high\" decoding=\"async\" width=\"1731\" height=\"189\" src=\"https:\/\/dinerfood.ee\/wp-content\/uploads\/2020\/08\/cropped-diner_logo.png\" class=\"attachment-full size-full wp-image-160\" alt=\"\" srcset=\"https:\/\/dinerfood.ee\/wp-content\/uploads\/2020\/08\/cropped-diner_logo.png 1731w, https:\/\/dinerfood.ee\/wp-content\/uploads\/2020\/08\/cropped-diner_logo-300x33.png 300w, https:\/\/dinerfood.ee\/wp-content\/uploads\/2020\/08\/cropped-diner_logo-1024x112.png 1024w, https:\/\/dinerfood.ee\/wp-content\/uploads\/2020\/08\/cropped-diner_logo-768x84.png 768w, https:\/\/dinerfood.ee\/wp-content\/uploads\/2020\/08\/cropped-diner_logo-1536x168.png 1536w\" sizes=\"(max-width: 1731px) 100vw, 1731px\" \/>\t\t\t\t<\/a>\n\t\t\t\t\t\t\t\t\t\t<\/div>\n\t\t\t\t\t\t<\/div>\n\t\t\t\t<\/div>\n\t\t\t\t\t<\/div>\n\t\t<\/div>\n\t\t\t\t<div class=\"elementor-column elementor-col-50 elementor-top-column elementor-element elementor-element-1709677\" data-id=\"1709677\" data-element_type=\"column\">\n\t\t\t<div class=\"elementor-widget-wrap elementor-element-populated\">\n\t\t\t\t\t\t<div class=\"elementor-element elementor-element-25bb8e6 elementor-nav-menu__align-right elementor-nav-menu--stretch elementor-nav-menu--dropdown-tablet elementor-nav-menu__text-align-aside elementor-nav-menu--toggle elementor-nav-menu--burger elementor-widget elementor-widget-global elementor-global-174 elementor-widget-nav-menu\" data-id=\"25bb8e6\" data-element_type=\"widget\" data-settings=\"{&quot;full_width&quot;:&quot;stretch&quot;,&quot;motion_fx_motion_fx_scrolling&quot;:&quot;yes&quot;,&quot;sticky&quot;:&quot;top&quot;,&quot;layout&quot;:&quot;horizontal&quot;,&quot;submenu_icon&quot;:{&quot;value&quot;:&quot;fas fa-caret-down&quot;,&quot;library&quot;:&quot;fa-solid&quot;},&quot;toggle&quot;:&quot;burger&quot;,&quot;motion_fx_devices&quot;:[&quot;desktop&quot;,&quot;tablet&quot;,&quot;mobile&quot;],&quot;sticky_on&quot;:[&quot;desktop&quot;,&quot;tablet&quot;,&quot;mobile&quot;],&quot;sticky_offset&quot;:0,&quot;sticky_effects_offset&quot;:0}\" data-widget_type=\"nav-menu.default\">\n\t\t\t\t<div class=\"elementor-widget-container\">\n\t\t\t\t\t\t<nav class=\"elementor-nav-menu--main elementor-nav-menu__container elementor-nav-menu--layout-horizontal e--pointer-underline e--animation-fade\">\n\t\t\t\t<ul id=\"menu-1-25bb8e6\" class=\"elementor-nav-menu\"><li class=\"menu-item menu-item-type-post_type menu-item-object-page menu-item-home menu-item-83\"><a href=\"https:\/\/dinerfood.ee\/et\/\" class=\"elementor-item menu-link\">Koduleht<\/a><\/li>\n<li class=\"menu-item menu-item-type-post_type menu-item-object-page menu-item-75\"><a href=\"https:\/\/dinerfood.ee\/et\/about\/\" class=\"elementor-item menu-link\">Meist<\/a><\/li>\n<li class=\"menu-item menu-item-type-custom menu-item-object-custom menu-item-569\"><a href=\"http:\/\/menu.dinerfood.ee\" class=\"elementor-item menu-link\">Men\u00fc\u00fc<\/a><\/li>\n<li class=\"menu-item menu-item-type-post_type menu-item-object-page menu-item-77\"><a href=\"https:\/\/dinerfood.ee\/et\/contact\/\" class=\"elementor-item menu-link\">Kontakt<\/a><\/li>\n<li class=\"trp-language-switcher-container menu-item menu-item-type-post_type menu-item-object-language_switcher current-language-menu-item menu-item-296\"><a href=\"https:\/\/dinerfood.ee\/et\/wp-json\/wp\/v2\/pages\/40\" class=\"elementor-item menu-link\"><span data-no-translation><img decoding=\"async\" class=\"trp-flag-image\" src=\"https:\/\/dinerfood.ee\/wp-content\/plugins\/translatepress-multilingual\/assets\/images\/flags\/et.png\" width=\"18\" height=\"12\" alt=\"et\" title=\"Eesti\"><span class=\"trp-ls-language-name\">Eesti<\/span><\/span><\/a><\/li>\n<li class=\"trp-language-switcher-container menu-item menu-item-type-post_type menu-item-object-language_switcher menu-item-297\"><a href=\"https:\/\/dinerfood.ee\/wp-json\/wp\/v2\/pages\/40\/\" class=\"elementor-item elementor-item-anchor menu-link\"><span data-no-translation><img decoding=\"async\" class=\"trp-flag-image\" src=\"https:\/\/dinerfood.ee\/wp-content\/plugins\/translatepress-multilingual\/assets\/images\/flags\/en_US.png\" width=\"18\" height=\"12\" alt=\"en_US\" title=\"English\"><span class=\"trp-ls-language-name\">English<\/span><\/span><\/a><\/li>\n<\/ul>\t\t\t<\/nav>\n\t\t\t\t\t<div class=\"elementor-menu-toggle\" role=\"button\" tabindex=\"0\" aria-label=\"Menu Toggle\" aria-expanded=\"false\">\n\t\t\t<i aria-hidden=\"true\" role=\"presentation\" class=\"elementor-menu-toggle__icon--open eicon-menu-bar\"><\/i><i aria-hidden=\"true\" role=\"presentation\" class=\"elementor-menu-toggle__icon--close eicon-close\"><\/i>\t\t\t<span class=\"elementor-screen-only\">Men\u00fc\u00fc<\/span>\n\t\t<\/div>\n\t\t\t\t\t<nav class=\"elementor-nav-menu--dropdown elementor-nav-menu__container\" aria-hidden=\"true\">\n\t\t\t\t<ul id=\"menu-2-25bb8e6\" class=\"elementor-nav-menu\"><li class=\"menu-item menu-item-type-post_type menu-item-object-page menu-item-home menu-item-83\"><a href=\"https:\/\/dinerfood.ee\/et\/\" class=\"elementor-item menu-link\" tabindex=\"-1\">Koduleht<\/a><\/li>\n<li class=\"menu-item menu-item-type-post_type menu-item-object-page menu-item-75\"><a href=\"https:\/\/dinerfood.ee\/et\/about\/\" class=\"elementor-item menu-link\" tabindex=\"-1\">Meist<\/a><\/li>\n<li class=\"menu-item menu-item-type-custom menu-item-object-custom menu-item-569\"><a href=\"http:\/\/menu.dinerfood.ee\" class=\"elementor-item menu-link\" tabindex=\"-1\">Men\u00fc\u00fc<\/a><\/li>\n<li class=\"menu-item menu-item-type-post_type menu-item-object-page menu-item-77\"><a href=\"https:\/\/dinerfood.ee\/et\/contact\/\" class=\"elementor-item menu-link\" tabindex=\"-1\">Kontakt<\/a><\/li>\n<li class=\"trp-language-switcher-container menu-item menu-item-type-post_type menu-item-object-language_switcher current-language-menu-item menu-item-296\"><a href=\"https:\/\/dinerfood.ee\/et\/wp-json\/wp\/v2\/pages\/40\" class=\"elementor-item menu-link\" tabindex=\"-1\"><span data-no-translation><img decoding=\"async\" class=\"trp-flag-image\" src=\"https:\/\/dinerfood.ee\/wp-content\/plugins\/translatepress-multilingual\/assets\/images\/flags\/et.png\" width=\"18\" height=\"12\" alt=\"et\" title=\"Eesti\"><span class=\"trp-ls-language-name\">Eesti<\/span><\/span><\/a><\/li>\n<li class=\"trp-language-switcher-container menu-item menu-item-type-post_type menu-item-object-language_switcher menu-item-297\"><a href=\"https:\/\/dinerfood.ee\/wp-json\/wp\/v2\/pages\/40\/\" class=\"elementor-item elementor-item-anchor menu-link\" tabindex=\"-1\"><span data-no-translation><img decoding=\"async\" class=\"trp-flag-image\" src=\"https:\/\/dinerfood.ee\/wp-content\/plugins\/translatepress-multilingual\/assets\/images\/flags\/en_US.png\" width=\"18\" height=\"12\" alt=\"en_US\" title=\"English\"><span class=\"trp-ls-language-name\">English<\/span><\/span><\/a><\/li>\n<\/ul>\t\t\t<\/nav>\n\t\t\t\t<\/div>\n\t\t\t\t<\/div>\n\t\t\t\t\t<\/div>\n\t\t<\/div>\n\t\t\t\t\t<\/div>\n\t\t<\/section>\n\t\t\t\t<section class=\"elementor-section elementor-top-section elementor-element elementor-element-5dc3a60 elementor-section-boxed elementor-section-height-default elementor-section-height-default\" data-id=\"5dc3a60\" data-element_type=\"section\" data-settings=\"{&quot;background_background&quot;:&quot;classic&quot;}\">\n\t\t\t\t\t\t\t<div class=\"elementor-background-overlay\"><\/div>\n\t\t\t\t\t\t\t<div class=\"elementor-container elementor-column-gap-default\">\n\t\t\t\t\t<div class=\"elementor-column elementor-col-100 elementor-top-column elementor-element elementor-element-5dc1ca0\" data-id=\"5dc1ca0\" data-element_type=\"column\">\n\t\t\t<div class=\"elementor-widget-wrap elementor-element-populated\">\n\t\t\t\t\t\t<div class=\"elementor-element elementor-element-be56547 elementor-widget elementor-widget-heading\" data-id=\"be56547\" data-element_type=\"widget\" data-widget_type=\"heading.default\">\n\t\t\t\t<div class=\"elementor-widget-container\">\n\t\t\t<h1 class=\"elementor-heading-title elementor-size-default\">Meist<\/h1>\t\t<\/div>\n\t\t\t\t<\/div>\n\t\t\t\t\t<\/div>\n\t\t<\/div>\n\t\t\t\t\t<\/div>\n\t\t<\/section>\n\t\t\t\t<section class=\"elementor-section elementor-top-section elementor-element elementor-element-2cf2d767 elementor-section-content-middle elementor-section-boxed elementor-section-height-default elementor-section-height-default\" data-id=\"2cf2d767\" data-element_type=\"section\" data-settings=\"{&quot;background_background&quot;:&quot;classic&quot;}\">\n\t\t\t\t\t\t<div class=\"elementor-container elementor-column-gap-no\">\n\t\t\t\t\t<div class=\"elementor-column elementor-col-50 elementor-top-column elementor-element elementor-element-e091abc\" data-id=\"e091abc\" data-element_type=\"column\">\n\t\t\t<div class=\"elementor-widget-wrap elementor-element-populated\">\n\t\t\t\t\t\t<div class=\"elementor-element elementor-element-bcecbee elementor-widget elementor-widget-image-box\" data-id=\"bcecbee\" data-element_type=\"widget\" data-widget_type=\"image-box.default\">\n\t\t\t\t<div class=\"elementor-widget-container\">\n\t\t\t<div class=\"elementor-image-box-wrapper\"><div class=\"elementor-image-box-content\"><h3 class=\"elementor-image-box-title\"><a href=\"https:\/\/en.wikipedia.org\/wiki\/Diner\">Diner ajalugu<br><\/a><\/h3><p class=\"elementor-image-box-description\">Diner on v\u00e4ike restoran, mida leidub valdavalt Ameerika \u00dchendriikide kirde-, kagu- ja keskosas, samuti mujal USA-s, Kanadas ja L\u00e4\u00e4ne-Euroopas. Diner s\u00f6\u00f6gikohad pakuvad laia valikut toite, peamiselt Ameerika k\u00f6\u00f6ki, juhuslikku \u00f5hkkonda ja iseloomulikku kombinatsiooni putkadest, mida serveerib ootepood ja pikk istumislaud koos otsese teenindusega. Paljudel Diner s\u00f6\u00f6gikohtadel on pikenendatud t\u00f6\u00f6aeg ning m\u00f5ned paiknevad kiirteedel ja m\u00f5ned t\u00f6\u00f6tavad ka 24\/7.<\/p><\/div><\/div>\t\t<\/div>\n\t\t\t\t<\/div>\n\t\t\t\t\t<\/div>\n\t\t<\/div>\n\t\t\t\t<div class=\"elementor-column elementor-col-25 elementor-top-column elementor-element elementor-element-d855b1e\" data-id=\"d855b1e\" data-element_type=\"column\">\n\t\t\t<div class=\"elementor-widget-wrap elementor-element-populated\">\n\t\t\t\t\t\t<div class=\"elementor-element elementor-element-80f3331 elementor-widget elementor-widget-image\" data-id=\"80f3331\" data-element_type=\"widget\" data-widget_type=\"image.default\">\n\t\t\t\t<div class=\"elementor-widget-container\">\n\t\t\t\t\t\t\t\t\t\t\t\t\t<img decoding=\"async\" src=\"https:\/\/dinerfood.ee\/wp-content\/uploads\/2020\/08\/img_2597_min.jpg\" title=\"img_2597_min\" alt=\"img_2597_min\" class=\"elementor-animation-sink\" loading=\"lazy\" \/>\t\t\t\t\t\t\t\t\t\t\t\t\t<\/div>\n\t\t\t\t<\/div>\n\t\t\t\t\t<\/div>\n\t\t<\/div>\n\t\t\t\t<div class=\"elementor-column elementor-col-25 elementor-top-column elementor-element elementor-element-a4a1a82\" data-id=\"a4a1a82\" data-element_type=\"column\">\n\t\t\t<div class=\"elementor-widget-wrap elementor-element-populated\">\n\t\t\t\t\t\t<div class=\"elementor-element elementor-element-337f04c elementor-hidden-tablet elementor-hidden-phone elementor-widget elementor-widget-image\" data-id=\"337f04c\" data-element_type=\"widget\" data-widget_type=\"image.default\">\n\t\t\t\t<div class=\"elementor-widget-container\">\n\t\t\t\t\t\t\t\t\t\t\t\t\t<img decoding=\"async\" src=\"https:\/\/dinerfood.ee\/wp-content\/uploads\/2020\/08\/img_2655_min.jpg\" title=\"img_2655_min\" alt=\"img_2655_min\" class=\"elementor-animation-sink\" loading=\"lazy\" \/>\t\t\t\t\t\t\t\t\t\t\t\t\t<\/div>\n\t\t\t\t<\/div>\n\t\t\t\t<div class=\"elementor-element elementor-element-c60e50f elementor-hidden-tablet elementor-hidden-phone elementor-widget elementor-widget-image\" data-id=\"c60e50f\" data-element_type=\"widget\" data-widget_type=\"image.default\">\n\t\t\t\t<div class=\"elementor-widget-container\">\n\t\t\t\t\t\t\t\t\t\t\t\t\t<img decoding=\"async\" src=\"https:\/\/dinerfood.ee\/wp-content\/uploads\/2020\/08\/img_2609_min-1.jpg\" title=\"img_2609_min\" alt=\"img_2609_min\" class=\"elementor-animation-sink\" loading=\"lazy\" \/>\t\t\t\t\t\t\t\t\t\t\t\t\t<\/div>\n\t\t\t\t<\/div>\n\t\t\t\t\t<\/div>\n\t\t<\/div>\n\t\t\t\t\t<\/div>\n\t\t<\/section>\n\t\t\t\t<section class=\"elementor-section elementor-top-section elementor-element elementor-element-4b6cef9 elementor-section-boxed elementor-section-height-default elementor-section-height-default\" data-id=\"4b6cef9\" data-element_type=\"section\">\n\t\t\t\t\t\t<div class=\"elementor-container elementor-column-gap-default\">\n\t\t\t\t\t<div class=\"elementor-column elementor-col-100 elementor-top-column elementor-element elementor-element-8ad64d3\" data-id=\"8ad64d3\" data-element_type=\"column\">\n\t\t\t<div class=\"elementor-widget-wrap elementor-element-populated\">\n\t\t\t\t\t\t<section class=\"elementor-section elementor-inner-section elementor-element elementor-element-199ded4 elementor-section-boxed elementor-section-height-default elementor-section-height-default\" data-id=\"199ded4\" data-element_type=\"section\">\n\t\t\t\t\t\t<div class=\"elementor-container elementor-column-gap-default\">\n\t\t\t\t\t<div class=\"elementor-column elementor-col-16 elementor-inner-column elementor-element elementor-element-1636e66\" data-id=\"1636e66\" data-element_type=\"column\">\n\t\t\t<div class=\"elementor-widget-wrap\">\n\t\t\t\t\t\t\t<\/div>\n\t\t<\/div>\n\t\t\t\t<div class=\"elementor-column elementor-col-66 elementor-inner-column elementor-element elementor-element-a219533\" data-id=\"a219533\" data-element_type=\"column\" data-settings=\"{&quot;background_background&quot;:&quot;classic&quot;}\">\n\t\t\t<div class=\"elementor-widget-wrap elementor-element-populated\">\n\t\t\t\t\t<div class=\"elementor-background-overlay\"><\/div>\n\t\t\t\t\t\t<div class=\"elementor-element elementor-element-45740d2 elementor-widget elementor-widget-testimonial\" data-id=\"45740d2\" data-element_type=\"widget\" data-widget_type=\"testimonial.default\">\n\t\t\t\t<div class=\"elementor-widget-container\">\n\t\t\t\t\t<div class=\"elementor-testimonial-wrapper\">\n\t\t\t\t\t\t\t<div class=\"elementor-testimonial-content\">\"If you'd like to experience a classic diner vibe, it's perfect. There are mostly burgers on the menu, but also some salads. Burgers are made in house\"<\/div>\n\t\t\t\n\t\t\t\t\t\t<div class=\"elementor-testimonial-meta\">\n\t\t\t\t<div class=\"elementor-testimonial-meta-inner\">\n\t\t\t\t\t\n\t\t\t\t\t\t\t\t\t\t<div class=\"elementor-testimonial-details\">\n\t\t\t\t\t\t\t\t\t\t\t\t\t\t<div class=\"elementor-testimonial-name\">- Marko Uibo <\/div>\n\t\t\t\t\t\t\t\t\t\t\t\t\t\t\t\t\t\t\t\t\t\t<div class=\"elementor-testimonial-job\">Google review<\/div>\n\t\t\t\t\t\t\t\t\t\t\t\t\t<\/div>\n\t\t\t\t\t\t\t\t\t<\/div>\n\t\t\t<\/div>\n\t\t\t\t\t<\/div>\n\t\t\t\t<\/div>\n\t\t\t\t<\/div>\n\t\t\t\t\t<\/div>\n\t\t<\/div>\n\t\t\t\t<div class=\"elementor-column elementor-col-16 elementor-inner-column elementor-element elementor-element-1b0a723\" data-id=\"1b0a723\" data-element_type=\"column\">\n\t\t\t<div class=\"elementor-widget-wrap\">\n\t\t\t\t\t\t\t<\/div>\n\t\t<\/div>\n\t\t\t\t\t<\/div>\n\t\t<\/section>\n\t\t\t\t\t<\/div>\n\t\t<\/div>\n\t\t\t\t\t<\/div>\n\t\t<\/section>\n\t\t\t\t<section class=\"elementor-section elementor-top-section elementor-element elementor-element-1f8b57b elementor-section-content-middle elementor-section-boxed elementor-section-height-default elementor-section-height-default\" data-id=\"1f8b57b\" data-element_type=\"section\" data-settings=\"{&quot;background_background&quot;:&quot;classic&quot;}\">\n\t\t\t\t\t\t<div class=\"elementor-container elementor-column-gap-no\">\n\t\t\t\t\t<div class=\"elementor-column elementor-col-100 elementor-top-column elementor-element elementor-element-f6edb1d\" data-id=\"f6edb1d\" data-element_type=\"column\">\n\t\t\t<div class=\"elementor-widget-wrap elementor-element-populated\">\n\t\t\t\t\t\t<div class=\"elementor-element elementor-element-bc615ca elementor-widget elementor-widget-heading\" data-id=\"bc615ca\" data-element_type=\"widget\" data-widget_type=\"heading.default\">\n\t\t\t\t<div class=\"elementor-widget-container\">\n\t\t\t<h2 class=\"elementor-heading-title elementor-size-default\">Copyright Dinner Food 2026 \u00a9 All rights Reserved. Design by Filipp Djatsuk<\/h2>\t\t<\/div>\n\t\t\t\t<\/div>\n\t\t\t\t\t<\/div>\n\t\t<\/div>\n\t\t\t\t\t<\/div>\n\t\t<\/section>\n\t\t\t\t<\/div>","protected":false},"excerpt":{"rendered":"<p>About Us Diner history A diner is a small restaurant found predominantly in the Northeastern, Southeastern, and Midwestern United States, as well as in other parts of the US, Canada, and parts of Western Europe. Diners offer a wide range of foods, mostly American cuisine, a casual atmosphere, and, characteristically, a combination of booths served &hellip;<\/p>\n<p class=\"read-more\"> <a class=\"\" href=\"https:\/\/dinerfood.ee\/et\/about\/\"> <span class=\"screen-reader-text\">Meist<\/span> Read More &raquo;<\/a><\/p>","protected":false},"author":1,"featured_media":0,"parent":0,"menu_order":0,"comment_status":"closed","ping_status":"closed","template":"elementor_canvas","meta":{"_monsterinsights_skip_tracking":false,"_monsterinsights_sitenote_active":false,"_monsterinsights_sitenote_note":"","_monsterinsights_sitenote_category":0,"site-sidebar-layout":"no-sidebar","site-content-layout":"page-builder","ast-global-header-display":"","ast-banner-title-visibility":"","ast-main-header-display":"","ast-hfb-above-header-display":"","ast-hfb-below-header-display":"","ast-hfb-mobile-header-display":"","site-post-title":"disabled","ast-breadcrumbs-content":"","ast-featured-img":"disabled","footer-sml-layout":"","theme-transparent-header-meta":"default","adv-header-id-meta":"","stick-header-meta":"","header-above-stick-meta":"","header-main-stick-meta":"","header-below-stick-meta":"","footnotes":""},"yoast_head":"<!-- This site is optimized with the Yoast SEO plugin v22.2 - https:\/\/yoast.com\/wordpress\/plugins\/seo\/ -->\n<title>About | N\u00f5mme Diner<\/title>\n<meta name=\"description\" content=\"Get to know about diner and our philosofy\" \/>\n<meta name=\"robots\" content=\"index, follow, max-snippet:-1, max-image-preview:large, max-video-preview:-1\" \/>\n<link rel=\"canonical\" href=\"https:\/\/dinerfood.ee\/et\/about\/\" \/>\n<meta property=\"og:locale\" content=\"et_EE\" \/>\n<meta property=\"og:type\" content=\"article\" \/>\n<meta property=\"og:title\" content=\"About | N\u00f5mme Diner\" \/>\n<meta property=\"og:description\" content=\"Get to know about diner and our philosofy\" \/>\n<meta property=\"og:url\" content=\"https:\/\/dinerfood.ee\/et\/about\/\" \/>\n<meta property=\"og:site_name\" content=\"N\u00f5mme Diner\" \/>\n<meta property=\"article:modified_time\" content=\"2020-09-23T09:21:34+00:00\" \/>\n<meta property=\"og:image\" content=\"http:\/\/dinerfood.ee\/wp-content\/uploads\/elementor\/thumbs\/img_2597_min-ouiuatkdu8b5ka5yb80u60vv4jvcqj5blatloa8t66.jpg\" \/>\n<meta name=\"twitter:card\" content=\"summary_large_image\" \/>\n<meta name=\"twitter:label1\" content=\"Est. reading time\" \/>\n\t<meta name=\"twitter:data1\" content=\"1 minut\" \/>\n<script type=\"application\/ld+json\" class=\"yoast-schema-graph\">{\"@context\":\"https:\/\/schema.org\",\"@graph\":[{\"@type\":\"WebPage\",\"@id\":\"https:\/\/dinerfood.ee\/et\/about\/\",\"url\":\"https:\/\/dinerfood.ee\/et\/about\/\",\"name\":\"About | N\u00f5mme Diner\",\"isPartOf\":{\"@id\":\"https:\/\/dinerfood.ee\/#website\"},\"primaryImageOfPage\":{\"@id\":\"https:\/\/dinerfood.ee\/et\/about\/#primaryimage\"},\"image\":{\"@id\":\"https:\/\/dinerfood.ee\/et\/about\/#primaryimage\"},\"thumbnailUrl\":\"http:\/\/dinerfood.ee\/wp-content\/uploads\/elementor\/thumbs\/img_2597_min-ouiuatkdu8b5ka5yb80u60vv4jvcqj5blatloa8t66.jpg\",\"datePublished\":\"2020-08-11T06:01:16+00:00\",\"dateModified\":\"2020-09-23T09:21:34+00:00\",\"description\":\"Get to know about diner and our philosofy\",\"breadcrumb\":{\"@id\":\"https:\/\/dinerfood.ee\/et\/about\/#breadcrumb\"},\"inLanguage\":\"et\",\"potentialAction\":[{\"@type\":\"ReadAction\",\"target\":[\"https:\/\/dinerfood.ee\/et\/about\/\"]}]},{\"@type\":\"ImageObject\",\"inLanguage\":\"et\",\"@id\":\"https:\/\/dinerfood.ee\/et\/about\/#primaryimage\",\"url\":\"http:\/\/dinerfood.ee\/wp-content\/uploads\/elementor\/thumbs\/img_2597_min-ouiuatkdu8b5ka5yb80u60vv4jvcqj5blatloa8t66.jpg\",\"contentUrl\":\"http:\/\/dinerfood.ee\/wp-content\/uploads\/elementor\/thumbs\/img_2597_min-ouiuatkdu8b5ka5yb80u60vv4jvcqj5blatloa8t66.jpg\"},{\"@type\":\"BreadcrumbList\",\"@id\":\"https:\/\/dinerfood.ee\/et\/about\/#breadcrumb\",\"itemListElement\":[{\"@type\":\"ListItem\",\"position\":1,\"name\":\"Home\",\"item\":\"https:\/\/dinerfood.ee\/\"},{\"@type\":\"ListItem\",\"position\":2,\"name\":\"About\"}]},{\"@type\":\"WebSite\",\"@id\":\"https:\/\/dinerfood.ee\/#website\",\"url\":\"https:\/\/dinerfood.ee\/\",\"name\":\"N\u00f5mme Diner Burgerid\",\"description\":\"Enjoy every bite you take\",\"publisher\":{\"@id\":\"https:\/\/dinerfood.ee\/#organization\"},\"potentialAction\":[{\"@type\":\"SearchAction\",\"target\":{\"@type\":\"EntryPoint\",\"urlTemplate\":\"https:\/\/dinerfood.ee\/?s={search_term_string}\"},\"query-input\":\"required name=search_term_string\"}],\"inLanguage\":\"et\"},{\"@type\":\"Organization\",\"@id\":\"https:\/\/dinerfood.ee\/#organization\",\"name\":\"Diner n\u00f5mme\",\"url\":\"https:\/\/dinerfood.ee\/\",\"logo\":{\"@type\":\"ImageObject\",\"inLanguage\":\"et\",\"@id\":\"https:\/\/dinerfood.ee\/#\/schema\/logo\/image\/\",\"url\":\"https:\/\/dinerfood.ee\/wp-content\/uploads\/2020\/08\/diner_logo.png\",\"contentUrl\":\"https:\/\/dinerfood.ee\/wp-content\/uploads\/2020\/08\/diner_logo.png\",\"width\":1836,\"height\":192,\"caption\":\"Diner n\u00f5mme\"},\"image\":{\"@id\":\"https:\/\/dinerfood.ee\/#\/schema\/logo\/image\/\"}}]}<\/script>\n<!-- \/ Yoast SEO plugin. -->","yoast_head_json":{"title":"About | N\u00f5mme Diner","description":"Get to know about diner and our philosofy","robots":{"index":"index","follow":"follow","max-snippet":"max-snippet:-1","max-image-preview":"max-image-preview:large","max-video-preview":"max-video-preview:-1"},"canonical":"https:\/\/dinerfood.ee\/et\/about\/","og_locale":"et_EE","og_type":"article","og_title":"About | N\u00f5mme Diner","og_description":"Get to know about diner and our philosofy","og_url":"https:\/\/dinerfood.ee\/et\/about\/","og_site_name":"N\u00f5mme Diner","article_modified_time":"2020-09-23T09:21:34+00:00","og_image":[{"url":"http:\/\/dinerfood.ee\/wp-content\/uploads\/elementor\/thumbs\/img_2597_min-ouiuatkdu8b5ka5yb80u60vv4jvcqj5blatloa8t66.jpg"}],"twitter_card":"summary_large_image","twitter_misc":{"Est. reading time":"1 minut"},"schema":{"@context":"https:\/\/schema.org","@graph":[{"@type":"WebPage","@id":"https:\/\/dinerfood.ee\/et\/about\/","url":"https:\/\/dinerfood.ee\/et\/about\/","name":"About | N\u00f5mme Diner","isPartOf":{"@id":"https:\/\/dinerfood.ee\/#website"},"primaryImageOfPage":{"@id":"https:\/\/dinerfood.ee\/et\/about\/#primaryimage"},"image":{"@id":"https:\/\/dinerfood.ee\/et\/about\/#primaryimage"},"thumbnailUrl":"http:\/\/dinerfood.ee\/wp-content\/uploads\/elementor\/thumbs\/img_2597_min-ouiuatkdu8b5ka5yb80u60vv4jvcqj5blatloa8t66.jpg","datePublished":"2020-08-11T06:01:16+00:00","dateModified":"2020-09-23T09:21:34+00:00","description":"Get to know about diner and our philosofy","breadcrumb":{"@id":"https:\/\/dinerfood.ee\/et\/about\/#breadcrumb"},"inLanguage":"et","potentialAction":[{"@type":"ReadAction","target":["https:\/\/dinerfood.ee\/et\/about\/"]}]},{"@type":"ImageObject","inLanguage":"et","@id":"https:\/\/dinerfood.ee\/et\/about\/#primaryimage","url":"http:\/\/dinerfood.ee\/wp-content\/uploads\/elementor\/thumbs\/img_2597_min-ouiuatkdu8b5ka5yb80u60vv4jvcqj5blatloa8t66.jpg","contentUrl":"http:\/\/dinerfood.ee\/wp-content\/uploads\/elementor\/thumbs\/img_2597_min-ouiuatkdu8b5ka5yb80u60vv4jvcqj5blatloa8t66.jpg"},{"@type":"BreadcrumbList","@id":"https:\/\/dinerfood.ee\/et\/about\/#breadcrumb","itemListElement":[{"@type":"ListItem","position":1,"name":"Home","item":"https:\/\/dinerfood.ee\/"},{"@type":"ListItem","position":2,"name":"About"}]},{"@type":"WebSite","@id":"https:\/\/dinerfood.ee\/#website","url":"https:\/\/dinerfood.ee\/","name":"N\u00f5mme Diner Burgerid","description":"Enjoy every bite you take","publisher":{"@id":"https:\/\/dinerfood.ee\/#organization"},"potentialAction":[{"@type":"SearchAction","target":{"@type":"EntryPoint","urlTemplate":"https:\/\/dinerfood.ee\/?s={search_term_string}"},"query-input":"required name=search_term_string"}],"inLanguage":"et"},{"@type":"Organization","@id":"https:\/\/dinerfood.ee\/#organization","name":"Diner n\u00f5mme","url":"https:\/\/dinerfood.ee\/","logo":{"@type":"ImageObject","inLanguage":"et","@id":"https:\/\/dinerfood.ee\/#\/schema\/logo\/image\/","url":"https:\/\/dinerfood.ee\/wp-content\/uploads\/2020\/08\/diner_logo.png","contentUrl":"https:\/\/dinerfood.ee\/wp-content\/uploads\/2020\/08\/diner_logo.png","width":1836,"height":192,"caption":"Diner n\u00f5mme"},"image":{"@id":"https:\/\/dinerfood.ee\/#\/schema\/logo\/image\/"}}]}},"_links":{"self":[{"href":"https:\/\/dinerfood.ee\/et\/wp-json\/wp\/v2\/pages\/40"}],"collection":[{"href":"https:\/\/dinerfood.ee\/et\/wp-json\/wp\/v2\/pages"}],"about":[{"href":"https:\/\/dinerfood.ee\/et\/wp-json\/wp\/v2\/types\/page"}],"author":[{"embeddable":true,"href":"https:\/\/dinerfood.ee\/et\/wp-json\/wp\/v2\/users\/1"}],"replies":[{"embeddable":true,"href":"https:\/\/dinerfood.ee\/et\/wp-json\/wp\/v2\/comments?post=40"}],"version-history":[{"count":5,"href":"https:\/\/dinerfood.ee\/et\/wp-json\/wp\/v2\/pages\/40\/revisions"}],"predecessor-version":[{"id":327,"href":"https:\/\/dinerfood.ee\/et\/wp-json\/wp\/v2\/pages\/40\/revisions\/327"}],"wp:attachment":[{"href":"https:\/\/dinerfood.ee\/et\/wp-json\/wp\/v2\/media?parent=40"}],"curies":[{"name":"wp","href":"https:\/\/api.w.org\/{rel}","templated":true}]}}