{"id":105,"date":"2020-08-26T05:38:01","date_gmt":"2020-08-26T05:38:01","guid":{"rendered":"http:\/\/dinerfood.ee\/?page_id=105"},"modified":"2025-04-14T21:21:29","modified_gmt":"2025-04-14T21:21:29","slug":"menu","status":"publish","type":"page","link":"https:\/\/dinerfood.ee\/et\/menu\/","title":{"rendered":"Men\u00fc\u00fc"},"content":{"rendered":"<h2>Men\u00fc\u00fc<\/h2>\n<ul role=\"tablist\">\n<li id=\"burgers\" aria-selected=\"true\" data-tab=\"1\" role=\"tab\" tabindex=\"0\" aria-controls=\"burgers-tab\" aria-expanded=\"false\">\n                                                            Burgerid\n                                                    <\/li>\n<li id=\"main-course\" aria-selected=\"false\" data-tab=\"2\" role=\"tab\" tabindex=\"-1\" aria-controls=\"main-course-tab\" aria-expanded=\"false\">\n                                                                <svg xmlns=\"http:\/\/www.w3.org\/2000\/svg\" xmlns:xlink=\"http:\/\/www.w3.org\/1999\/xlink\" id=\"Capa_1\" x=\"0px\" y=\"0px\" viewbox=\"0 0 511.999 511.999\" style=\"enable-background:new 0 0 511.999 511.999;\" xml:space=\"preserve\"><g>\t<g>\t\t<path d=\"M466.327,45.666C437.302,16.638,399.931,0.43,361.097,0.027c-40.074-0.391-79.103,16.304-109.922,47.079    c-27.973,27.935-48.599,66.034-56.587,104.527c-8.755,42.168-28.913,79.989-58.298,109.374l-1.276,1.275    c-2.849,2.849-4.452,6.713-4.452,10.743s1.6,7.894,4.45,10.744l6.729,6.729l-57.703,57.703c-8.889-4.99-19.081-7.556-29.406-7.232    c-15.718,0.488-30.124,7.271-40.566,19.097c-18.739,21.226-18.755,53.25-0.035,74.49c10.067,11.426,23.954,18.199,39.103,19.072    c2.722,0.157,5.064,2.499,5.22,5.222c0.872,15.146,7.645,29.033,19.071,39.102c10.613,9.353,23.918,14.029,37.225,14.029    c13.322,0,26.647-4.689,37.266-14.064c11.827-10.442,18.61-24.849,19.098-40.566c0.32-10.329-2.242-20.516-7.233-29.407    l57.703-57.703l6.734,6.734c2.966,2.966,6.855,4.45,10.742,4.45c3.886,0,7.773-1.482,10.739-4.445l1.283-1.282    c29.371-29.371,67.208-49.533,109.42-58.308c38.432-7.99,76.481-28.578,104.387-56.485    c30.838-30.837,47.603-69.884,47.205-109.947C511.608,112.123,495.39,74.73,466.327,45.666z M133.039,415.715    c-5.933,5.932-5.933,15.551,0,21.484c5.129,5.13,7.83,11.951,7.605,19.206c-0.226,7.247-3.365,13.901-8.839,18.734    c-9.611,8.485-24.676,8.493-34.295,0.017c-5.289-4.661-8.422-11.072-8.824-18.051c-1.048-18.226-15.583-32.762-33.809-33.81    c-6.982-0.402-13.393-3.537-18.053-8.825c-8.476-9.619-8.468-24.683,0.018-34.295c4.832-5.473,11.485-8.612,18.732-8.838    c0.281-0.008,0.561-0.013,0.84-0.013c6.942,0,13.436,2.687,18.367,7.617c5.931,5.932,15.55,5.933,21.484,0l66.96-66.959    L200,348.756L133.039,415.715z M443.305,239.417c-23.479,23.479-56.782,41.506-89.087,48.222    c-43.505,9.043-82.993,28.786-114.991,57.374l-72.255-72.254c28.603-32.012,48.341-71.484,57.364-114.952    c6.716-32.354,24.775-65.701,48.309-89.202c50.348-50.278,122.768-50.889,172.196-1.455    C494.304,116.614,493.658,189.064,443.305,239.417z\"><\/path>\t<\/g><\/g><g><\/g><g><\/g><g><\/g><g><\/g><g><\/g><g><\/g><g><\/g><g><\/g><g><\/g><g><\/g><g><\/g><g><\/g><g><\/g><g><\/g><g><\/g><\/svg><br \/>\n                                                            P\u00f5hiroad\n                                                    <\/li>\n<li id=\"salads\" aria-selected=\"false\" data-tab=\"3\" role=\"tab\" tabindex=\"-1\" aria-controls=\"salads-tab\" aria-expanded=\"false\">\n                                                            Salatid\n                                                    <\/li>\n<li id=\"fries-and-snacks\" aria-selected=\"false\" data-tab=\"4\" role=\"tab\" tabindex=\"-1\" aria-controls=\"fries-and-snacks-tab\" aria-expanded=\"false\">\n                                                                <svg xmlns=\"http:\/\/www.w3.org\/2000\/svg\" xmlns:xlink=\"http:\/\/www.w3.org\/1999\/xlink\" id=\"Capa_1\" x=\"0px\" y=\"0px\" viewbox=\"0 0 512.255 512.255\" style=\"enable-background:new 0 0 512.255 512.255;\" xml:space=\"preserve\"><g>\t<g>\t\t<g>\t\t\t<path d=\"M510.548,293.66c-1.612-2.148-4.14-3.413-6.826-3.413h-20.418l28.268-126.85c1.033-4.662,0.125-9.543-2.517-13.521     c-2.496-3.798-6.449-6.397-10.925-7.183l-32.933-5.8c-1.459-0.23-2.944-0.257-4.41-0.081l-0.006-75.503     c0.183-4.992-1.656-9.848-5.1-13.467c-3.075-3.227-7.335-5.056-11.792-5.062h-33.358c-9.392,0.25-16.881,7.926-16.9,17.321     l-0.629,20.903l-15.446-3.616c-4.55-1.065-9.338-0.214-13.242,2.353c-3.904,2.568-6.583,6.626-7.408,11.226l-2.077,11.162     c-1.039-0.388-2.113-0.677-3.206-0.862l-36.582-6.096l0.348-9.062c0.184-4.638-1.53-9.152-4.748-12.498     c-3.217-3.346-7.66-5.237-12.302-5.235h-8.285l10.685-35.492c1.402-4.419,0.964-9.217-1.217-13.308     c-2.078-3.998-5.675-6.993-9.983-8.312L256.972,0.947c-4.354-1.391-9.086-0.967-13.123,1.176     c-4.038,2.143-7.04,5.825-8.327,10.211l-21.154,70.378l-0.813-23.457c-0.293-9.215-7.872-16.52-17.092-16.475h-34.3     c-4.634-0.007-9.073,1.87-12.296,5.2c-3.223,3.33-4.954,7.827-4.796,12.459l1.787,51.599l-38.621,6.343     c-8.796,1.437-15.017,9.383-14.301,18.267H68.255c-9.421,0.011-17.056,7.646-17.067,17.067v52.566l-8.992-6.591     c-3.54-2.662-8.007-3.779-12.383-3.096c-4.501,0.686-8.533,3.167-11.175,6.875L3.347,224.955     c-5.497,7.613-4.084,18.195,3.217,24.1l44.625,34.271v6.921h-42.4c-2.685,0-5.214,1.265-6.826,3.413     c-1.611,2.148-2.118,4.93-1.366,7.508l44.492,152.529c10.215,34.533,41.872,58.276,77.883,58.417h266.575     c36.012-0.14,67.668-23.884,77.884-58.417l44.483-152.529C512.666,298.59,512.159,295.808,510.548,293.66z M460.574,160.539     h0.215v-0.884l1.45-5.953l32.675,5.992l-29.087,130.554h-36.844L460.574,160.539z M410.689,60.655     c0.017-0.462,0.167-0.754,0.008-0.808l32.717-0.137c0.075,0.062,0.333,0.421,0.308,1.333v98.629l-20.551,83.129l-17.483-21.242     l19.484-116.424c1.541-8.933-4.125-17.525-12.942-19.629l-2.267-0.531L410.689,60.655z M373.68,94.01l25.583,5.97l9.075,2.321     l-17.031,101.784l-18.618-22.622c-3.12-3.763-7.662-6.062-12.542-6.35c-0.521-0.033-1.031,0.051-1.549,0.064L373.68,94.01z      M358.639,192.289l0.867,0.012l58.559,71.155l-6.623,26.791h-11.819l-50.917-60.783l-13.033-15.25L358.639,192.289z      M376.851,289.645l-0.099,0.602h-34.184l4.867-35.706L376.851,289.645z M314.379,112.362l34.435,5.739l-8.271,60.803     l-0.104,0.556l0.027,0.005l-0.108,0.797l-0.06,0.243h-0.009l-0.025,0.117l-0.075,0.333l-1.25,6.548l-15.05,14.365     c-6.531,6.092-7.1,16.249-1.292,23.033l7.732,9.228l-10.587,56.118h-12.204L314.379,112.362z M298.339,85.443l-7.875,204.8     h-34.142l7.875-204.8H298.339z M251.789,17.205l32.633,10.654L272.22,68.376h-8.015c-9.179-0.023-16.725,7.235-17.058,16.408     l-0.354,9.196h-17.996L251.789,17.205z M246.137,111.047l-6.892,179.2h-17.684l-6.211-179.2H246.137z M196.464,59.847     l8.025,230.4h-34.383l-7.942-230.4H196.464z M147.456,129.235l5.578,161.011h-26.369l-15.659-155.025L147.456,129.235z      M68.255,153.714h27.387l9.339,91.999l-36.726-26.922V153.714z M17.181,234.947l14.883-21.529l75.237,55.154l2.201,21.676h-21.25     L17.181,234.947z M451.047,448.922c-8.065,27.269-33.064,46.018-61.5,46.125H122.972c-28.436-0.108-53.434-18.856-61.5-46.125     L20.164,307.314h472.183L451.047,448.922z\"><\/path>\t\t\t<path d=\"M94.581,433.23c4.848,16.367,19.855,27.618,36.925,27.683h47.683c4.713,0,8.533-3.821,8.533-8.533     c0-4.713-3.82-8.533-8.533-8.533h-47.683c-9.437-0.017-17.754-6.198-20.492-15.229L93.83,364.826     c-1.227-4.552-5.911-7.247-10.463-6.021c-4.552,1.227-7.247,5.911-6.021,10.463L94.581,433.23z\"><\/path>\t\t\t<path d=\"M213.322,460.914h8.533c4.713,0,8.533-3.821,8.533-8.533c0-4.713-3.82-8.533-8.533-8.533h-8.533     c-4.713,0-8.533,3.821-8.533,8.533C204.789,457.093,208.609,460.914,213.322,460.914z\"><\/path>\t\t<\/g>\t<\/g><\/g><g><\/g><g><\/g><g><\/g><g><\/g><g><\/g><g><\/g><g><\/g><g><\/g><g><\/g><g><\/g><g><\/g><g><\/g><g><\/g><g><\/g><g><\/g><\/svg><br \/>\n                                                            Friikad ja sn\u00e4kid\n                                                    <\/li>\n<li id=\"desert\" aria-selected=\"false\" data-tab=\"5\" role=\"tab\" tabindex=\"-1\" aria-controls=\"desert-tab\" aria-expanded=\"false\">\n                                                            Magustoit\n                                                    <\/li>\n<\/ul>\n<p><strong>Lihtsalt hea juustuburger 7.50\u20ac<\/strong><\/p>\n<p>veiselihapihv, juust, salatisegu, marineeritud kurk, tomat, kergelt maitsestatud salatisibul,\nket\u0161up ja DINERi remulaadkaste<\/p>\n<p><strong>Peekoniburger 8.50\u20ac<\/strong><\/p>\n<p>veiselihapihv, grillpeekon, juust, salatisegu, marineeritud kurk, tomat, kergelt maitsestatud\nsalatisibul, ket\u0161up ja DINERi remulaadkaste<\/p>\n<p><strong>Kr\u00f5bekanaburger 9.50\u20ac<\/strong><\/p>\n<p>paneeritud kanafilee, salatisegu, marineeritud kurk, tomat, ket\u0161up ja DINERi\nremulaadkaste<\/p>\n<p><strong>Josperi kanaburger (grilljuustuga) 9.90\u20ac<\/strong><\/p>\n<p>teriyakis marineeritud ja grillitud kanafilee, grilljuust, tomat, salatisegu, ket\u0161up ja DINERi\nremulaadkaste<\/p>\n<p><strong>Grilljuustuburger 9.50\u20ac<\/strong><\/p>\n<p>veiselihapihv, grillitud juust, salatisegu, marineeritud kurk, tomat, kergelt maitsestatud\nsalatisibul, ket\u0161up ja DINERi remulaadkaste<\/p>\n<p><strong>Sinihallitus juustuburger 9.90\u20ac<\/strong><\/p>\n<p>veiselihapihv, sinihallitusjuust, salatisegu, marineeritud kurk, tomat, kergelt maitsestatud\nsalatisibul, ket\u0161up ja DINERi remulaadkaste<\/p>\n<p><strong>Dineri Mega 16.90\u20ac<\/strong><\/p>\n<p>2x200 veiselihapihv, 2 praemuna, grillitud peekon, juust, salatisegu, marineeritud kurk,\ntomat, kergelt maitsestatud salatisibul, ket\u0161up ja DINERi remulaadkaste<\/p>\n<p><strong>Lambaburger frititud peediga 11.90\u20ac<\/strong><\/p>\n<p>lambalihapihv, juust, frititud peet, salatisegu, marineeritud kurk, tomat, kergelt maitsestatud\nsalatisibul, ket\u0161up ja DINERi remulaadkaste<\/p>\n<p><strong>Kolm s\u00f5pra 12.90\u20ac<\/strong><\/p>\n<p>three different burgers\u00a0 &#8211; ask your service provider for more information<\/p>\n<p><strong>Juicy Lucy\u00a0 10.90\u20ac<\/strong><\/p>\n<p>cheddar juustuga t\u00e4idetud veiselihapihv, juust, salatisegu, marineeritud kurk, tomat, kergelt\nmaitsestatud salatisibul, ket\u0161up ja DINERi remulaadkaste<\/p>\n<p><strong>Betty blue\u00a0 10.90\u20ac<\/strong><\/p>\n<p>sinihallitusjuustuga t\u00e4idetud veiselihapihv, juust, salatisegu, marineeritud kurk, tomat,\nkergelt maitsestatud salatisibul, ket\u0161up ja DINERi remulaadkaste<\/p>\n<p><strong>Sibulamoosi burger 9.90\u20ac<\/strong><\/p>\n<p>veiselihapihv, sibulamoos, juust, marineeritud kurk, tomat, kergelt maitsestatud salatisibul,\nket\u0161up ja DINERi remulaadkaste<\/p>\n<p><strong>Kikerherne burger 9.50\u20ac<\/strong><\/p>\n<p>kikerherne-, oa- ja porgandipihv, k\u00fc\u00fcslauk, salatisegu, marineeritud kurk, tomat, kergelt\nmaitsestatud salatisibul, ket\u0161up ja DINERi remulaadkaste<\/p>\n<p><strong>Kolme juustu burger 11.90\u20ac<\/strong><\/p>\n<p>sinihallitusjuust, cheddar ja Hollandi juust, tomatimoos, salatisegu, ket\u0161up ja DINERi\nremulaadkaste<\/p>\n<p><strong>Kolme juustu burger veiselihapihviga \u00a013.90\u20ac<\/strong><\/p>\n<p>veiselihapihv, sinihallitusjuust, cheddar ja Hollandi juust, tomatimoos, salatisegu, ket\u0161up ja\nDINERi remulaadkaste<\/p>\n<p><strong>Lihtsalt hea juutuurger (aga suurem) 9.90\u20ac<\/strong><\/p>\n<p>250 g veiselihapihv, juust, salatisegu, marineeritud kurk, tomat, kergelt maitsestatud\nsalatisibul, ket\u0161up ja DINERi remulaadkaste<\/p>\n<p><strong>Dineri Terav  9.90\u20ac <\/strong><strong>\ud83c\udf36\ud83c\udf36\ud83c\udf36<\/strong><\/p>\n<p>veiselihapihv, juust, jalapeno ja habanero pipra segu, salatisegu, marineeritud kurk, tomat,\nkergelt maitsestatud salatisibul, ket\u0161up ja DINERi remulaadkaste<\/p>\n<p><strong>Kitsejuustuburger 10.90\u20ac<\/strong><\/p>\n<p>veiselihapihv, grillitud kitsejuust, paprikamoos, salatisegu, ket\u0161up ja DINERi\nremulaadkaste<\/p>\n<p><strong>Pulled Pork burger \u00a010.90\u20ac<\/strong><\/p>\n<p>rebitud sealiha, sibulamoos, peekon, salat, tomat, ket\u0161up ja DINERi remulaadkaste<\/p>\n<p><strong>S\u00fcdamerabandus dineri moodi (Die Hard) 17.90\u20ac\u00a0 <\/strong><\/p>\n<p>veiselihapihv 250 gr, topelt grillpeekon, ungari pekk, grillvorst, topelt juust, praesibul,\nsalatisegu, marineeritud kurk, tomat, sinep ja DINERi remulaadkaste<\/p>\n<p><strong>Children&#8217;s burger with french fries \u00a0 6.90\u20ac<\/strong><\/p>\n<p><strong>Ribi plaat (400gr) 13.90\u20ac<\/strong><\/p>\n<p>friikartuli ja coleslow salatiga<strong>\u00a0<\/strong><\/p>\n<p><strong>\u0160nitsel friikartuli coslow salatiga ja rohelise salatiga 12.90\u20ac<\/strong><\/p>\n<p>friikartuli, coleslow salati ja rohelise salatiga<strong>\u00a0<\/strong><\/p>\n<p><strong>Hiline hommik 10.90\u20ac <\/strong><\/p>\n<p>toast, 4x bacon, 2x sausage, 2x fried egg, red beans in sauce<\/p>\n<p><strong>Klubiv\u00f5ileib friikartulitega 9.90\u20ac<\/strong><\/p>\n<p>grilled chicken fillet, bacon, fried egg, cheddar, green salad, tomato, cucumber, fries.<\/p>\n<p><strong>Hot dog 3.90\u20ac<\/strong><\/p>\n<p><strong>Grillitud veiseliha salat 13.90\u20ac<\/strong><\/p>\n<p>veisefilee, salatisegu, paprika, kapsas, porgand, sibul, tomat, kaste<\/p>\n<p><strong>Mahlane kana salat teryaki marinaadis 9.9\u20ac<\/strong><\/p>\n<p>kanafilee, salatisegu, paprika, redis, kurk, tomat, ananass, seemned, kaste<\/p>\n<p><strong>Suitsune l\u00f5hesalat  9.90\u20ac<\/strong><\/p>\n<p>grillitud l\u00f5he, salatisegu, paprika, tomat, kurk, oliivid, DINERi \u00fcrdikaste<\/p>\n<p><strong>Grillitud kitjejuustu salat 10.90\u20ac<\/strong><\/p>\n<p>grillitud kitsejuust, tomatimoos, salatisegu, paprika, salatisibul, tomat, DINERi \u00fcrdikaste<\/p>\n<p>Friikartul<strong> 4.90\u20ac<\/strong><\/p>\n<p>Friikartul juustuga<strong> 5.90\u20ac<\/strong><\/p>\n<p>Friikartul jalapeno ja juustuga <strong>\ud83c\udf36 6.90\u20ac<\/strong><\/p>\n<p>Friikartul peekoni ja cheddar juustuga <strong>7.90\u20ac<\/strong><\/p>\n<p>Bataadi friikartul <strong>6.50\u20ac<\/strong><\/p>\n<p>Chipsid<strong> 5.90\u20ac<\/strong><\/p>\n<p>Chipsid juustuga<strong> 7.50\u20ac<\/strong><\/p>\n<p>Kr\u00f5bekana palad <strong>6.90\u20ac<\/strong><\/p>\n<p>Mais<strong> 4.90\u20ac<\/strong><\/p>\n<p>Buffalo kanatiivad <strong>6.90\u20ac<\/strong><\/p>\n<p>Sibular\u00f5ngad <strong>6.90\u20ac<\/strong><\/p>\n<p>Mozarella Fingers <strong>6.9\u20ac<\/strong><\/p>\n<p>J\u00e4\u00e4tisevalik <strong>5.5\u20ac<\/strong><\/p>\n<p>J\u00e4\u00e4tisekokteil <strong>5.5\u20ac<\/strong><\/p>\n<p>Donuts <strong>2\u20ac<\/strong><\/p>\n<p>Ameerika pankoogid (siirupi ja moosiga) <strong>3.9\u20ac<\/strong><\/p>","protected":false},"excerpt":{"rendered":"<p>Menu Burgers Main Course Salads Fries and snacks Desert Cheeseburger\u00a0 7.50\u20ac beef steak, cheese, green salad mix, cucumber, tomato, onion, sauce Bacon burger\u00a0 8.50\u20ac beef steak, bacon, cheese, green salad mix, cucumber, tomato, onion, sauce Crispy chicken burger 9.50\u20ac chicken fillet, green salad mix, cucumber, tomato, sauce Josper`s chicken burger with grilled cheese 9.90\u20ac Chicken &hellip;<\/p>\n<p class=\"read-more\"> <a class=\"\" href=\"https:\/\/dinerfood.ee\/et\/menu\/\"> <span class=\"screen-reader-text\">Men\u00fc\u00fc<\/span> Read More &raquo;<\/a><\/p>","protected":false},"author":1,"featured_media":0,"parent":0,"menu_order":0,"comment_status":"closed","ping_status":"closed","template":"elementor_canvas","meta":{"_monsterinsights_skip_tracking":false,"_monsterinsights_sitenote_active":false,"_monsterinsights_sitenote_note":"","_monsterinsights_sitenote_category":0,"site-sidebar-layout":"no-sidebar","site-content-layout":"page-builder","ast-global-header-display":"","ast-banner-title-visibility":"","ast-main-header-display":"","ast-hfb-above-header-display":"","ast-hfb-below-header-display":"","ast-hfb-mobile-header-display":"","site-post-title":"disabled","ast-breadcrumbs-content":"","ast-featured-img":"disabled","footer-sml-layout":"","theme-transparent-header-meta":"default","adv-header-id-meta":"","stick-header-meta":"","header-above-stick-meta":"","header-main-stick-meta":"","header-below-stick-meta":"","footnotes":""},"yoast_head":"<!-- This site is optimized with the Yoast SEO plugin v22.2 - https:\/\/yoast.com\/wordpress\/plugins\/seo\/ -->\n<title>Menu | N\u00f5mme Diner<\/title>\n<meta name=\"description\" content=\"Choose something very special from n\u00f5mme diner menu. We have salats, fries, deserts and of course our famous burgers\" \/>\n<meta name=\"robots\" content=\"index, follow, max-snippet:-1, max-image-preview:large, max-video-preview:-1\" \/>\n<link rel=\"canonical\" href=\"https:\/\/dinerfood.ee\/et\/menu\/\" \/>\n<meta property=\"og:locale\" content=\"et_EE\" \/>\n<meta property=\"og:type\" content=\"article\" \/>\n<meta property=\"og:title\" content=\"Menu | N\u00f5mme Diner\" \/>\n<meta property=\"og:description\" content=\"Choose something very special from n\u00f5mme diner menu. We have salats, fries, deserts and of course our famous burgers\" \/>\n<meta property=\"og:url\" content=\"https:\/\/dinerfood.ee\/et\/menu\/\" \/>\n<meta property=\"og:site_name\" content=\"N\u00f5mme Diner\" \/>\n<meta property=\"article:modified_time\" content=\"2025-04-14T21:21:29+00:00\" \/>\n<meta name=\"twitter:card\" content=\"summary_large_image\" \/>\n<meta name=\"twitter:label1\" content=\"Est. reading time\" \/>\n\t<meta name=\"twitter:data1\" content=\"3 minutit\" \/>\n<script type=\"application\/ld+json\" class=\"yoast-schema-graph\">{\"@context\":\"https:\/\/schema.org\",\"@graph\":[{\"@type\":\"WebPage\",\"@id\":\"https:\/\/dinerfood.ee\/menu\/\",\"url\":\"https:\/\/dinerfood.ee\/menu\/\",\"name\":\"Menu | N\u00f5mme Diner\",\"isPartOf\":{\"@id\":\"https:\/\/dinerfood.ee\/#website\"},\"datePublished\":\"2020-08-26T05:38:01+00:00\",\"dateModified\":\"2025-04-14T21:21:29+00:00\",\"description\":\"Choose something very special from n\u00f5mme diner menu. We have salats, fries, deserts and of course our famous burgers\",\"breadcrumb\":{\"@id\":\"https:\/\/dinerfood.ee\/menu\/#breadcrumb\"},\"inLanguage\":\"et\",\"potentialAction\":[{\"@type\":\"ReadAction\",\"target\":[\"https:\/\/dinerfood.ee\/menu\/\"]}]},{\"@type\":\"BreadcrumbList\",\"@id\":\"https:\/\/dinerfood.ee\/menu\/#breadcrumb\",\"itemListElement\":[{\"@type\":\"ListItem\",\"position\":1,\"name\":\"Home\",\"item\":\"https:\/\/dinerfood.ee\/\"},{\"@type\":\"ListItem\",\"position\":2,\"name\":\"Menu\"}]},{\"@type\":\"WebSite\",\"@id\":\"https:\/\/dinerfood.ee\/#website\",\"url\":\"https:\/\/dinerfood.ee\/\",\"name\":\"N\u00f5mme Diner Burgerid\",\"description\":\"Enjoy every bite you take\",\"publisher\":{\"@id\":\"https:\/\/dinerfood.ee\/#organization\"},\"potentialAction\":[{\"@type\":\"SearchAction\",\"target\":{\"@type\":\"EntryPoint\",\"urlTemplate\":\"https:\/\/dinerfood.ee\/?s={search_term_string}\"},\"query-input\":\"required name=search_term_string\"}],\"inLanguage\":\"et\"},{\"@type\":\"Organization\",\"@id\":\"https:\/\/dinerfood.ee\/#organization\",\"name\":\"Diner n\u00f5mme\",\"url\":\"https:\/\/dinerfood.ee\/\",\"logo\":{\"@type\":\"ImageObject\",\"inLanguage\":\"et\",\"@id\":\"https:\/\/dinerfood.ee\/#\/schema\/logo\/image\/\",\"url\":\"https:\/\/dinerfood.ee\/wp-content\/uploads\/2020\/08\/diner_logo.png\",\"contentUrl\":\"https:\/\/dinerfood.ee\/wp-content\/uploads\/2020\/08\/diner_logo.png\",\"width\":1836,\"height\":192,\"caption\":\"Diner n\u00f5mme\"},\"image\":{\"@id\":\"https:\/\/dinerfood.ee\/#\/schema\/logo\/image\/\"}}]}<\/script>\n<!-- \/ Yoast SEO plugin. -->","yoast_head_json":{"title":"Menu | N\u00f5mme Diner","description":"Choose something very special from n\u00f5mme diner menu. We have salats, fries, deserts and of course our famous burgers","robots":{"index":"index","follow":"follow","max-snippet":"max-snippet:-1","max-image-preview":"max-image-preview:large","max-video-preview":"max-video-preview:-1"},"canonical":"https:\/\/dinerfood.ee\/et\/menu\/","og_locale":"et_EE","og_type":"article","og_title":"Menu | N\u00f5mme Diner","og_description":"Choose something very special from n\u00f5mme diner menu. We have salats, fries, deserts and of course our famous burgers","og_url":"https:\/\/dinerfood.ee\/et\/menu\/","og_site_name":"N\u00f5mme Diner","article_modified_time":"2025-04-14T21:21:29+00:00","twitter_card":"summary_large_image","twitter_misc":{"Est. reading time":"3 minutit"},"schema":{"@context":"https:\/\/schema.org","@graph":[{"@type":"WebPage","@id":"https:\/\/dinerfood.ee\/menu\/","url":"https:\/\/dinerfood.ee\/menu\/","name":"Menu | N\u00f5mme Diner","isPartOf":{"@id":"https:\/\/dinerfood.ee\/#website"},"datePublished":"2020-08-26T05:38:01+00:00","dateModified":"2025-04-14T21:21:29+00:00","description":"Choose something very special from n\u00f5mme diner menu. We have salats, fries, deserts and of course our famous burgers","breadcrumb":{"@id":"https:\/\/dinerfood.ee\/menu\/#breadcrumb"},"inLanguage":"et","potentialAction":[{"@type":"ReadAction","target":["https:\/\/dinerfood.ee\/menu\/"]}]},{"@type":"BreadcrumbList","@id":"https:\/\/dinerfood.ee\/menu\/#breadcrumb","itemListElement":[{"@type":"ListItem","position":1,"name":"Home","item":"https:\/\/dinerfood.ee\/"},{"@type":"ListItem","position":2,"name":"Menu"}]},{"@type":"WebSite","@id":"https:\/\/dinerfood.ee\/#website","url":"https:\/\/dinerfood.ee\/","name":"N\u00f5mme Diner Burgerid","description":"Enjoy every bite you take","publisher":{"@id":"https:\/\/dinerfood.ee\/#organization"},"potentialAction":[{"@type":"SearchAction","target":{"@type":"EntryPoint","urlTemplate":"https:\/\/dinerfood.ee\/?s={search_term_string}"},"query-input":"required name=search_term_string"}],"inLanguage":"et"},{"@type":"Organization","@id":"https:\/\/dinerfood.ee\/#organization","name":"Diner n\u00f5mme","url":"https:\/\/dinerfood.ee\/","logo":{"@type":"ImageObject","inLanguage":"et","@id":"https:\/\/dinerfood.ee\/#\/schema\/logo\/image\/","url":"https:\/\/dinerfood.ee\/wp-content\/uploads\/2020\/08\/diner_logo.png","contentUrl":"https:\/\/dinerfood.ee\/wp-content\/uploads\/2020\/08\/diner_logo.png","width":1836,"height":192,"caption":"Diner n\u00f5mme"},"image":{"@id":"https:\/\/dinerfood.ee\/#\/schema\/logo\/image\/"}}]}},"_links":{"self":[{"href":"https:\/\/dinerfood.ee\/et\/wp-json\/wp\/v2\/pages\/105"}],"collection":[{"href":"https:\/\/dinerfood.ee\/et\/wp-json\/wp\/v2\/pages"}],"about":[{"href":"https:\/\/dinerfood.ee\/et\/wp-json\/wp\/v2\/types\/page"}],"author":[{"embeddable":true,"href":"https:\/\/dinerfood.ee\/et\/wp-json\/wp\/v2\/users\/1"}],"replies":[{"embeddable":true,"href":"https:\/\/dinerfood.ee\/et\/wp-json\/wp\/v2\/comments?post=105"}],"version-history":[{"count":5,"href":"https:\/\/dinerfood.ee\/et\/wp-json\/wp\/v2\/pages\/105\/revisions"}],"predecessor-version":[{"id":559,"href":"https:\/\/dinerfood.ee\/et\/wp-json\/wp\/v2\/pages\/105\/revisions\/559"}],"wp:attachment":[{"href":"https:\/\/dinerfood.ee\/et\/wp-json\/wp\/v2\/media?parent=105"}],"curies":[{"name":"wp","href":"https:\/\/api.w.org\/{rel}","templated":true}]}}